{"id":3041,"date":"2022-03-01T16:51:58","date_gmt":"2022-03-01T09:51:58","guid":{"rendered":"https:\/\/cardanol.vn\/san-pham\/dong-hop-kim-nhom\/"},"modified":"2026-04-22T16:06:31","modified_gmt":"2026-04-22T09:06:31","slug":"dau-vo-hat-dieu","status":"publish","type":"product","link":"https:\/\/www.cardanol.vn\/en\/product\/dau-vo-hat-dieu\/","title":{"rendered":"CASHEW NUT SHELL LIQUID (CNSL)"},"content":{"rendered":"<p><b>\u0110\u1eb7c t\u00ednh n\u1ed5i b\u1eadt c\u1ee7a d\u1ea7u v\u1ecf h\u1ea1t \u0111i\u1ec1u<\/b><\/p>\n<ul>\n<li style=\"font-weight: 400;\" aria-level=\"1\"><span style=\"font-weight: 400;\">Kh\u1ea3 n\u0103ng gi\u1eef nhi\u1ec7t cao, ph\u00f9 h\u1ee3p cho h\u1ec7 th\u1ed1ng \u0111\u1ed1t c\u00f4ng nghi\u1ec7p<\/span><\/li>\n<li style=\"font-weight: 400;\" aria-level=\"1\"><span style=\"font-weight: 400;\">Hi\u1ec7u su\u1ea5t ch\u00e1y \u1ed5n \u0111\u1ecbnh, t\u01b0\u01a1ng \u0111\u01b0\u01a1ng d\u1ea7u FO<\/span><\/li>\n<li style=\"font-weight: 400;\" aria-level=\"1\"><span style=\"font-weight: 400;\">C\u00f3 th\u1ec3 pha tr\u1ed9n linh ho\u1ea1t v\u1edbi d\u1ea7u FO<\/span><\/li>\n<li style=\"font-weight: 400;\" aria-level=\"1\"><span style=\"font-weight: 400;\">Ngu\u1ed3n nguy\u00ean li\u1ec7u t\u1ef1 nhi\u00ean, d\u1ed3i d\u00e0o t\u1ea1i Vi\u1ec7t Nam<\/span><\/li>\n<li style=\"font-weight: 400;\" aria-level=\"1\"><span style=\"font-weight: 400;\">Gi\u00fap t\u1ed1i \u01b0u chi ph\u00ed nhi\u00ean li\u1ec7u cho doanh nghi\u1ec7p<\/span><\/li>\n<\/ul>\n<p><b>\u1ee8ng d\u1ee5ng c\u1ee7a d\u1ea7u v\u1ecf h\u1ea1t \u0111i\u1ec1u trong c\u00f4ng nghi\u1ec7p<\/b><\/p>\n<p><span style=\"font-weight: 400;\">D\u1ea7u CNSL hi\u1ec7n \u0111\u01b0\u1ee3c \u1ee9ng d\u1ee5ng r\u1ed9ng r\u00e3i l\u00e0m nhi\u00ean li\u1ec7u trong nhi\u1ec1u ng\u00e0nh:<\/span><\/p>\n<ul>\n<li style=\"font-weight: 400;\" aria-level=\"1\"><span style=\"font-weight: 400;\">Nh\u00e0 m\u00e1y s\u1ea3n xu\u1ea5t silicat<\/span><\/li>\n<li style=\"font-weight: 400;\" aria-level=\"1\"><span style=\"font-weight: 400;\">Ng\u00e0nh g\u1ea1ch ceramic (g\u1ea1ch Cramit)<\/span><\/li>\n<li style=\"font-weight: 400;\" aria-level=\"1\"><span style=\"font-weight: 400;\">Luy\u1ec7n kim (nh\u00f4m)<\/span><\/li>\n<li style=\"font-weight: 400;\" aria-level=\"1\"><span style=\"font-weight: 400;\">N\u1ed3i h\u01a1i c\u00f4ng nghi\u1ec7p<\/span><\/li>\n<\/ul>\n<p><span style=\"font-weight: 400;\">Nh\u1edd c\u00f4ng ngh\u1ec7 s\u1ea3n xu\u1ea5t hi\u1ec7n \u0111\u1ea1i, d\u1ea7u v\u1ecf h\u1ea1t \u0111i\u1ec1u ng\u00e0y c\u00e0ng \u0111\u1ea1t ch\u1ea5t l\u01b0\u1ee3ng cao, \u0111\u00e1p \u1ee9ng y\u00eau c\u1ea7u v\u1eadn h\u00e0nh \u1ed5n \u0111\u1ecbnh c\u1ee7a c\u00e1c h\u1ec7 th\u1ed1ng c\u00f4ng nghi\u1ec7p.<\/span><\/p>\n<p><b>Gi\u1ea3i ph\u00e1p thay th\u1ebf v\u00e0 k\u1ebft h\u1ee3p v\u1edbi d\u1ea7u FO<\/b><\/p>\n<p><span style=\"font-weight: 400;\">Trong th\u1ef1c t\u1ebf, d\u1ea7u v\u1ecf h\u1ea1t \u0111i\u1ec1u th\u01b0\u1eddng \u0111\u01b0\u1ee3c s\u1eed d\u1ee5ng theo ph\u01b0\u01a1ng \u00e1n: <\/span><i><span style=\"font-weight: 400;\">Pha tr\u1ed9n v\u1edbi d\u1ea7u FO \u0111\u1ec3 t\u1ed1i \u01b0u hi\u1ec7u su\u1ea5t v\u00e0 chi ph\u00ed<\/span><\/i><\/p>\n<p><span style=\"font-weight: 400;\">L\u1ee3i \u00edch khi s\u1eed d\u1ee5ng:<\/span><\/p>\n<ul>\n<li style=\"font-weight: 400;\" aria-level=\"1\"><span style=\"font-weight: 400;\">T\u0103ng kh\u1ea3 n\u0103ng gi\u1eef nhi\u1ec7t so v\u1edbi vi\u1ec7c s\u1eed d\u1ee5ng 100% d\u1ea7u FO<\/span><\/li>\n<li style=\"font-weight: 400;\" aria-level=\"1\"><span style=\"font-weight: 400;\">Gi\u1ea3m chi ph\u00ed nhi\u00ean li\u1ec7u t\u1ed5ng th\u1ec3<\/span><\/li>\n<li style=\"font-weight: 400;\" aria-level=\"1\"><span style=\"font-weight: 400;\">Linh ho\u1ea1t \u0111i\u1ec1u ch\u1ec9nh t\u1ef7 l\u1ec7 theo nhu c\u1ea7u v\u1eadn h\u00e0nh<\/span><\/li>\n<li style=\"font-weight: 400;\" aria-level=\"1\"><span style=\"font-weight: 400;\">T\u1ef7 l\u1ec7 pha tr\u1ed9n c\u00f3 xu h\u01b0\u1edbng t\u0103ng theo th\u1eddi gian nh\u1edd hi\u1ec7u qu\u1ea3 kinh t\u1ebf v\u00e0 k\u1ef9 thu\u1eadt m\u00e0 d\u1ea7u CNSL mang l\u1ea1i.<\/span><\/li>\n<\/ul>\n","protected":false},"excerpt":{"rendered":"<p><b>D\u1ea7u v\u1ecf h\u1ea1t \u0111i\u1ec1u<\/b><\/p>\n<p><span style=\"font-weight: 400;\">D\u1ea7u v\u1ecf h\u1ea1t \u0111i\u1ec1u (Cashew Nut Shell Liquid &#8211; CNSL) l\u00e0 m\u1ed9t lo\u1ea1i d\u1ea7u t\u1ef1 nhi\u00ean \u0111\u01b0\u1ee3c chi\u1ebft xu\u1ea5t t\u1eeb v\u1ecf h\u1ea1t \u0111i\u1ec1u, ch\u1ee9a th\u00e0nh ph\u1ea7n ch\u00ednh l\u00e0 axit anacardic v\u1edbi c\u1ea5u tr\u00fac g\u1ed3m nh\u00e2n phenol, nh\u00f3m hydroxyl (-OH) v\u00e0 nh\u00f3m carboxyl (-COOH).<\/span><\/p>\n<p><span style=\"font-weight: 400;\">D\u01b0\u1edbi t\u00e1c \u0111\u1ed9ng c\u1ee7a nhi\u1ec7t \u0111\u1ed9, d\u1ea7u x\u1ea3y ra c\u00e1c ph\u1ea3n \u1ee9ng bi\u1ebfn \u0111\u1ed5i h\u00f3a h\u1ecdc, h\u00ecnh th\u00e0nh li\u00ean k\u1ebft cacbon-hydro kh\u00f4ng b\u00e3o h\u00f2a v\u00e0 qu\u00e1 tr\u00ecnh tr\u00f9ng h\u1ee3p, gi\u00fap c\u1ea3i thi\u1ec7n t\u00ednh ch\u1ea5t nhi\u1ec7t v\u00e0 kh\u1ea3 n\u0103ng \u1ee9ng d\u1ee5ng trong c\u00f4ng nghi\u1ec7p.<\/span><\/p>\n","protected":false},"featured_media":0,"template":"","meta":[],"product_brand":[],"product_cat":[197],"product_tag":[],"class_list":{"0":"post-3041","1":"product","2":"type-product","3":"status-publish","5":"product_cat-san-pham-thep-en","7":"first","8":"instock","9":"shipping-taxable","10":"product-type-simple"},"_links":{"self":[{"href":"https:\/\/www.cardanol.vn\/en\/wp-json\/wp\/v2\/product\/3041","targetHints":{"allow":["GET"]}}],"collection":[{"href":"https:\/\/www.cardanol.vn\/en\/wp-json\/wp\/v2\/product"}],"about":[{"href":"https:\/\/www.cardanol.vn\/en\/wp-json\/wp\/v2\/types\/product"}],"wp:attachment":[{"href":"https:\/\/www.cardanol.vn\/en\/wp-json\/wp\/v2\/media?parent=3041"}],"wp:term":[{"taxonomy":"product_brand","embeddable":true,"href":"https:\/\/www.cardanol.vn\/en\/wp-json\/wp\/v2\/product_brand?post=3041"},{"taxonomy":"product_cat","embeddable":true,"href":"https:\/\/www.cardanol.vn\/en\/wp-json\/wp\/v2\/product_cat?post=3041"},{"taxonomy":"product_tag","embeddable":true,"href":"https:\/\/www.cardanol.vn\/en\/wp-json\/wp\/v2\/product_tag?post=3041"}],"curies":[{"name":"wp","href":"https:\/\/api.w.org\/{rel}","templated":true}]}}